{"id":512,"date":"2019-04-06T17:20:18","date_gmt":"2019-04-06T15:20:18","guid":{"rendered":"http:\/\/www.tcvufflens.com\/?page_id=512"},"modified":"2020-02-09T17:35:29","modified_gmt":"2020-02-09T16:35:29","slug":"pour-entreprises","status":"publish","type":"page","link":"http:\/\/www.tcvufflens.com\/?page_id=512","title":{"rendered":"Pour entreprises"},"content":{"rendered":"<p>Vous \u00eates une entreprise, et souhaitez offrir \u00e0 vos collaborateurs&nbsp;la possibilit\u00e9 de faire du tennis durant leur pause de midi ?<\/p>\n<p>Nous proposons aux entreprises de la r\u00e9gion des plages horaires fixes \u00e0 des conditions pr\u00e9f\u00e9rentielles.<\/p>\n<p><a href=\"http:\/\/www.tcvufflens.com\/wp-content\/uploads\/2019\/04\/image1.jpeg\"><img loading=\"lazy\" decoding=\"async\" class=\"alignnone size-medium wp-image-520\" src=\"http:\/\/www.tcvufflens.com\/wp-content\/uploads\/2019\/04\/image1-300x225.jpeg\" alt=\"image1\" width=\"300\" height=\"225\" srcset=\"http:\/\/www.tcvufflens.com\/wp-content\/uploads\/2019\/04\/image1-300x225.jpeg 300w, http:\/\/www.tcvufflens.com\/wp-content\/uploads\/2019\/04\/image1-1024x768.jpeg 1024w, http:\/\/www.tcvufflens.com\/wp-content\/uploads\/2019\/04\/image1-100x75.jpeg 100w, http:\/\/www.tcvufflens.com\/wp-content\/uploads\/2019\/04\/image1-150x113.jpeg 150w, http:\/\/www.tcvufflens.com\/wp-content\/uploads\/2019\/04\/image1-200x150.jpeg 200w, http:\/\/www.tcvufflens.com\/wp-content\/uploads\/2019\/04\/image1-450x338.jpeg 450w, http:\/\/www.tcvufflens.com\/wp-content\/uploads\/2019\/04\/image1-600x450.jpeg 600w, http:\/\/www.tcvufflens.com\/wp-content\/uploads\/2019\/04\/image1-900x675.jpeg 900w\" sizes=\"auto, (max-width: 300px) 100vw, 300px\" \/><\/a><\/p>\n<p>Profitez de nos tous nouveaux courts de terre battue synth\u00e9tique, qui sont ouverts durant pr\u00e8s de 6 mois, d&rsquo;avril \u00e0 octobre.<\/p>\n<h2>Conditions pour r\u00e9servations fixes<\/h2>\n<table id=\"table1\" width=\"100%\" border=\"1\" align=\"center\">\n<tbody>\n<tr>\n<td>1h fixe, 1 jour\/semaine<\/td>\n<td align=\"center\">360.- (env. 24h, soit 15.-\/h<\/td>\n<\/tr>\n<tr>\n<td>1h fixe, 2 jours\/semaine<\/td>\n<td align=\"center\">600.- (env. 48h, soit 12.50\/h)<\/td>\n<\/tr>\n<tr>\n<td>2h fixes, 1 jour\/semaine<\/td>\n<td align=\"center\">600.- (env. 48h, soit 12.50\/h)<\/td>\n<\/tr>\n<tr>\n<td>1h fixe, du lundi au vendredi<\/td>\n<td align=\"center\">1&rsquo;200.- (env. 120h, soit 10.-\/h)<\/td>\n<\/tr>\n<tr>\n<td>Autres variantes (\u00e0 discuter)<\/td>\n<td align=\"center\">Sur demande \u00e0 <a href=\"mailto:info@tcvufflens.com\">info@tcvufflens.com<\/a><\/td>\n<\/tr>\n<\/tbody>\n<\/table>\n<p><span style=\"text-decoration: underline;\">Note<\/span> : ces tarifs seront ajust\u00e9s au prorata en fonction du d\u00e9but de la r\u00e9servation des heures fixes.<br \/>\nLes heures fixes peuvent \u00eatre d\u00e9finies <strong>entre 10h et 14h<\/strong>, selon disponibilit\u00e9s.<\/p>\n<p>En cas d&rsquo;int\u00e9r\u00eat et pour toute question, n&rsquo;h\u00e9sitez pas \u00e0 nous \u00e9crire \u00e0 <a href=\"mailto:info@tcvufflens.com\">info@tcvufflens.com<\/a>.<br \/>\nNous ferons notre maximum pour r\u00e9pondre \u00e0 vos besoins.<\/p>\n","protected":false},"excerpt":{"rendered":"<p>Vous \u00eates une entreprise, et souhaitez offrir \u00e0 vos collaborateurs&nbsp;la possibilit\u00e9 de faire du tennis durant leur pause de midi ? Nous proposons aux entreprises de la r\u00e9gion des plages horaires fixes \u00e0 des conditions pr\u00e9f\u00e9rentielles. Profitez de nos tous &hellip;<\/p>\n<p class=\"read-more\"> <a class=\"more-link\" href=\"http:\/\/www.tcvufflens.com\/?page_id=512\"> <span class=\"screen-reader-text\">Pour entreprises<\/span> Read More &raquo;<\/a><\/p>\n","protected":false},"author":23,"featured_media":0,"parent":0,"menu_order":0,"comment_status":"closed","ping_status":"closed","template":"full-width-page.php","meta":{"footnotes":""},"class_list":["post-512","page","type-page","status-publish","hentry"],"yoast_head":"<!-- This site is optimized with the Yoast SEO plugin v25.7 - https:\/\/yoast.com\/wordpress\/plugins\/seo\/ -->\n<title>Pour entreprises - TC Vufflens<\/title>\n<meta name=\"description\" content=\"Vous \u00eates une entreprise, et souhaitez offrir \u00e0 vos collaborateurs&nbsp;la possibilit\u00e9 de faire du tennis durant leur pause de midi ? Nous proposons aux entreprises de la r\u00e9gion des plages horaires fixes \u00e0 des conditions pr\u00e9f\u00e9rentielles. Profitez de nos tous &hellip;  Pour entreprises Read More &raquo;\" \/>\n<meta name=\"robots\" content=\"index, follow, max-snippet:-1, max-image-preview:large, max-video-preview:-1\" \/>\n<link rel=\"canonical\" href=\"https:\/\/www.tcvufflens.com\/?page_id=512\" \/>\n<meta property=\"og:locale\" content=\"fr_FR\" \/>\n<meta property=\"og:type\" content=\"article\" \/>\n<meta property=\"og:title\" content=\"Pour entreprises - TC Vufflens\" \/>\n<meta property=\"og:description\" content=\"Vous \u00eates une entreprise, et souhaitez offrir \u00e0 vos collaborateurs&nbsp;la possibilit\u00e9 de faire du tennis durant leur pause de midi ? Nous proposons aux entreprises de la r\u00e9gion des plages horaires fixes \u00e0 des conditions pr\u00e9f\u00e9rentielles. Profitez de nos tous &hellip; Pour entreprises Read More &raquo;\" \/>\n<meta property=\"og:url\" content=\"https:\/\/www.tcvufflens.com\/?page_id=512\" \/>\n<meta property=\"og:site_name\" content=\"TC Vufflens\" \/>\n<meta property=\"article:modified_time\" content=\"2020-02-09T16:35:29+00:00\" \/>\n<meta property=\"og:image\" content=\"http:\/\/www.tcvufflens.com\/wp-content\/uploads\/2019\/04\/image1-300x225.jpeg\" \/>\n<meta name=\"twitter:card\" content=\"summary_large_image\" \/>\n<meta name=\"twitter:label1\" content=\"Dur\u00e9e de lecture estim\u00e9e\" \/>\n\t<meta name=\"twitter:data1\" content=\"1 minute\" \/>\n<script type=\"application\/ld+json\" class=\"yoast-schema-graph\">{\"@context\":\"https:\/\/schema.org\",\"@graph\":[{\"@type\":\"WebPage\",\"@id\":\"https:\/\/www.tcvufflens.com\/?page_id=512\",\"url\":\"https:\/\/www.tcvufflens.com\/?page_id=512\",\"name\":\"Pour entreprises - TC Vufflens\",\"isPartOf\":{\"@id\":\"http:\/\/www.tcvufflens.com\/#website\"},\"primaryImageOfPage\":{\"@id\":\"https:\/\/www.tcvufflens.com\/?page_id=512#primaryimage\"},\"image\":{\"@id\":\"https:\/\/www.tcvufflens.com\/?page_id=512#primaryimage\"},\"thumbnailUrl\":\"http:\/\/www.tcvufflens.com\/wp-content\/uploads\/2019\/04\/image1-300x225.jpeg\",\"datePublished\":\"2019-04-06T15:20:18+00:00\",\"dateModified\":\"2020-02-09T16:35:29+00:00\",\"breadcrumb\":{\"@id\":\"https:\/\/www.tcvufflens.com\/?page_id=512#breadcrumb\"},\"inLanguage\":\"fr-FR\",\"potentialAction\":[{\"@type\":\"ReadAction\",\"target\":[\"https:\/\/www.tcvufflens.com\/?page_id=512\"]}]},{\"@type\":\"ImageObject\",\"inLanguage\":\"fr-FR\",\"@id\":\"https:\/\/www.tcvufflens.com\/?page_id=512#primaryimage\",\"url\":\"http:\/\/www.tcvufflens.com\/wp-content\/uploads\/2019\/04\/image1-300x225.jpeg\",\"contentUrl\":\"http:\/\/www.tcvufflens.com\/wp-content\/uploads\/2019\/04\/image1-300x225.jpeg\"},{\"@type\":\"BreadcrumbList\",\"@id\":\"https:\/\/www.tcvufflens.com\/?page_id=512#breadcrumb\",\"itemListElement\":[{\"@type\":\"ListItem\",\"position\":1,\"name\":\"Home\",\"item\":\"http:\/\/www.tcvufflens.com\/\"},{\"@type\":\"ListItem\",\"position\":2,\"name\":\"Pour entreprises\"}]},{\"@type\":\"WebSite\",\"@id\":\"http:\/\/www.tcvufflens.com\/#website\",\"url\":\"http:\/\/www.tcvufflens.com\/\",\"name\":\"TC Vufflens\",\"description\":\"\",\"publisher\":{\"@id\":\"http:\/\/www.tcvufflens.com\/#organization\"},\"potentialAction\":[{\"@type\":\"SearchAction\",\"target\":{\"@type\":\"EntryPoint\",\"urlTemplate\":\"http:\/\/www.tcvufflens.com\/?s={search_term_string}\"},\"query-input\":{\"@type\":\"PropertyValueSpecification\",\"valueRequired\":true,\"valueName\":\"search_term_string\"}}],\"inLanguage\":\"fr-FR\"},{\"@type\":\"Organization\",\"@id\":\"http:\/\/www.tcvufflens.com\/#organization\",\"name\":\"TC Vufflens\",\"url\":\"http:\/\/www.tcvufflens.com\/\",\"logo\":{\"@type\":\"ImageObject\",\"inLanguage\":\"fr-FR\",\"@id\":\"http:\/\/www.tcvufflens.com\/#\/schema\/logo\/image\/\",\"url\":\"http:\/\/www.tcvufflens.com\/wp-content\/uploads\/2020\/02\/cropped-TC-Vufflens-la-Ville-Logo-original-RVB-pixelise-300dpi-Copie.jpg\",\"contentUrl\":\"http:\/\/www.tcvufflens.com\/wp-content\/uploads\/2020\/02\/cropped-TC-Vufflens-la-Ville-Logo-original-RVB-pixelise-300dpi-Copie.jpg\",\"width\":208,\"height\":100,\"caption\":\"TC Vufflens\"},\"image\":{\"@id\":\"http:\/\/www.tcvufflens.com\/#\/schema\/logo\/image\/\"}}]}<\/script>\n<!-- \/ Yoast SEO plugin. -->","yoast_head_json":{"title":"Pour entreprises - TC Vufflens","description":"Vous \u00eates une entreprise, et souhaitez offrir \u00e0 vos collaborateurs&nbsp;la possibilit\u00e9 de faire du tennis durant leur pause de midi ? Nous proposons aux entreprises de la r\u00e9gion des plages horaires fixes \u00e0 des conditions pr\u00e9f\u00e9rentielles. Profitez de nos tous &hellip;  Pour entreprises Read More &raquo;","robots":{"index":"index","follow":"follow","max-snippet":"max-snippet:-1","max-image-preview":"max-image-preview:large","max-video-preview":"max-video-preview:-1"},"canonical":"https:\/\/www.tcvufflens.com\/?page_id=512","og_locale":"fr_FR","og_type":"article","og_title":"Pour entreprises - TC Vufflens","og_description":"Vous \u00eates une entreprise, et souhaitez offrir \u00e0 vos collaborateurs&nbsp;la possibilit\u00e9 de faire du tennis durant leur pause de midi ? Nous proposons aux entreprises de la r\u00e9gion des plages horaires fixes \u00e0 des conditions pr\u00e9f\u00e9rentielles. Profitez de nos tous &hellip; Pour entreprises Read More &raquo;","og_url":"https:\/\/www.tcvufflens.com\/?page_id=512","og_site_name":"TC Vufflens","article_modified_time":"2020-02-09T16:35:29+00:00","og_image":[{"url":"http:\/\/www.tcvufflens.com\/wp-content\/uploads\/2019\/04\/image1-300x225.jpeg","type":"","width":"","height":""}],"twitter_card":"summary_large_image","twitter_misc":{"Dur\u00e9e de lecture estim\u00e9e":"1 minute"},"schema":{"@context":"https:\/\/schema.org","@graph":[{"@type":"WebPage","@id":"https:\/\/www.tcvufflens.com\/?page_id=512","url":"https:\/\/www.tcvufflens.com\/?page_id=512","name":"Pour entreprises - TC Vufflens","isPartOf":{"@id":"http:\/\/www.tcvufflens.com\/#website"},"primaryImageOfPage":{"@id":"https:\/\/www.tcvufflens.com\/?page_id=512#primaryimage"},"image":{"@id":"https:\/\/www.tcvufflens.com\/?page_id=512#primaryimage"},"thumbnailUrl":"http:\/\/www.tcvufflens.com\/wp-content\/uploads\/2019\/04\/image1-300x225.jpeg","datePublished":"2019-04-06T15:20:18+00:00","dateModified":"2020-02-09T16:35:29+00:00","breadcrumb":{"@id":"https:\/\/www.tcvufflens.com\/?page_id=512#breadcrumb"},"inLanguage":"fr-FR","potentialAction":[{"@type":"ReadAction","target":["https:\/\/www.tcvufflens.com\/?page_id=512"]}]},{"@type":"ImageObject","inLanguage":"fr-FR","@id":"https:\/\/www.tcvufflens.com\/?page_id=512#primaryimage","url":"http:\/\/www.tcvufflens.com\/wp-content\/uploads\/2019\/04\/image1-300x225.jpeg","contentUrl":"http:\/\/www.tcvufflens.com\/wp-content\/uploads\/2019\/04\/image1-300x225.jpeg"},{"@type":"BreadcrumbList","@id":"https:\/\/www.tcvufflens.com\/?page_id=512#breadcrumb","itemListElement":[{"@type":"ListItem","position":1,"name":"Home","item":"http:\/\/www.tcvufflens.com\/"},{"@type":"ListItem","position":2,"name":"Pour entreprises"}]},{"@type":"WebSite","@id":"http:\/\/www.tcvufflens.com\/#website","url":"http:\/\/www.tcvufflens.com\/","name":"TC Vufflens","description":"","publisher":{"@id":"http:\/\/www.tcvufflens.com\/#organization"},"potentialAction":[{"@type":"SearchAction","target":{"@type":"EntryPoint","urlTemplate":"http:\/\/www.tcvufflens.com\/?s={search_term_string}"},"query-input":{"@type":"PropertyValueSpecification","valueRequired":true,"valueName":"search_term_string"}}],"inLanguage":"fr-FR"},{"@type":"Organization","@id":"http:\/\/www.tcvufflens.com\/#organization","name":"TC Vufflens","url":"http:\/\/www.tcvufflens.com\/","logo":{"@type":"ImageObject","inLanguage":"fr-FR","@id":"http:\/\/www.tcvufflens.com\/#\/schema\/logo\/image\/","url":"http:\/\/www.tcvufflens.com\/wp-content\/uploads\/2020\/02\/cropped-TC-Vufflens-la-Ville-Logo-original-RVB-pixelise-300dpi-Copie.jpg","contentUrl":"http:\/\/www.tcvufflens.com\/wp-content\/uploads\/2020\/02\/cropped-TC-Vufflens-la-Ville-Logo-original-RVB-pixelise-300dpi-Copie.jpg","width":208,"height":100,"caption":"TC Vufflens"},"image":{"@id":"http:\/\/www.tcvufflens.com\/#\/schema\/logo\/image\/"}}]}},"_links":{"self":[{"href":"http:\/\/www.tcvufflens.com\/index.php?rest_route=\/wp\/v2\/pages\/512","targetHints":{"allow":["GET"]}}],"collection":[{"href":"http:\/\/www.tcvufflens.com\/index.php?rest_route=\/wp\/v2\/pages"}],"about":[{"href":"http:\/\/www.tcvufflens.com\/index.php?rest_route=\/wp\/v2\/types\/page"}],"author":[{"embeddable":true,"href":"http:\/\/www.tcvufflens.com\/index.php?rest_route=\/wp\/v2\/users\/23"}],"replies":[{"embeddable":true,"href":"http:\/\/www.tcvufflens.com\/index.php?rest_route=%2Fwp%2Fv2%2Fcomments&post=512"}],"version-history":[{"count":7,"href":"http:\/\/www.tcvufflens.com\/index.php?rest_route=\/wp\/v2\/pages\/512\/revisions"}],"predecessor-version":[{"id":519,"href":"http:\/\/www.tcvufflens.com\/index.php?rest_route=\/wp\/v2\/pages\/512\/revisions\/519"}],"wp:attachment":[{"href":"http:\/\/www.tcvufflens.com\/index.php?rest_route=%2Fwp%2Fv2%2Fmedia&parent=512"}],"curies":[{"name":"wp","href":"https:\/\/api.w.org\/{rel}","templated":true}]}}