{"id":119,"date":"2013-03-28T21:42:46","date_gmt":"2013-03-28T20:42:46","guid":{"rendered":"http:\/\/localhost\/wordpress\/?page_id=119"},"modified":"2020-06-08T19:24:31","modified_gmt":"2020-06-08T17:24:31","slug":"cotisations","status":"publish","type":"page","link":"https:\/\/www.tcvufflens.com\/?page_id=119","title":{"rendered":"Tarifs"},"content":{"rendered":"<h4><span style=\"text-decoration: underline;\"><strong>Cotisations<\/strong><\/span><\/h4>\n<div>\n<table id=\"table1\" width=\"100%\" border=\"1\" align=\"center\">\n<tbody>\n<tr>\n<td width=\"50%\" align=\"center\">&nbsp;<\/td>\n<td align=\"center\"><strong>Prix (CHF)<\/strong><\/td>\n<\/tr>\n<tr>\n<td>Junior jusqu&rsquo;\u00e0 16 ans (ann\u00e9e civile)<\/td>\n<td align=\"center\">80.-<\/td>\n<\/tr>\n<tr>\n<td>Etudiant \/ Apprenti (max 25 ans &#8211; ann\u00e9e civile)<\/td>\n<td align=\"center\">180.-<\/td>\n<\/tr>\n<tr>\n<td>Adulte<\/td>\n<td align=\"center\">280.-<\/td>\n<\/tr>\n<tr>\n<td>Couple<\/td>\n<td align=\"center\">460.-<\/td>\n<\/tr>\n<tr>\n<td>Membre en cong\u00e9 \/ membre passif<\/td>\n<td align=\"center\">30.-<\/td>\n<\/tr>\n<tr>\n<td>Finance d&rsquo;entr\u00e9e<\/td>\n<td align=\"center\">Gratuite<\/td>\n<\/tr>\n<\/tbody>\n<\/table>\n<p>Pour toute nouvelle inscription \u00e0 partir du mois d&rsquo;ao\u00fbt, une demi-cotisation sera factur\u00e9e.<\/p>\n<h4><span style=\"text-decoration: underline;\"><strong><br \/>\nPrix par heure<\/strong><\/span><\/h4>\n<div>\n<table id=\"table2\" width=\"100%\" border=\"1\" align=\"center\">\n<tbody>\n<tr>\n<td width=\"50%\" align=\"center\">&nbsp;<\/td>\n<td align=\"center\"><strong>Prix (CHF)<\/strong><\/td>\n<\/tr>\n<tr>\n<td>2 membres<\/td>\n<td align=\"center\">Gratuit<\/td>\n<\/tr>\n<tr>\n<td>1 membre (ou plus) + 1 invit\u00e9<\/td>\n<td align=\"center\">15.-\/heure (factur\u00e9 la saison suivante)<br \/>\n2 premi\u00e8res heures gratuites (1h gratuite pour les juniors)<\/td>\n<\/tr>\n<tr>\n<td>2 non-membres<\/td>\n<td align=\"center\">R\u00e9servation impossible par 2 non-membres<\/td>\n<\/tr>\n<\/tbody>\n<\/table>\n<\/div>\n<\/div>\n","protected":false},"excerpt":{"rendered":"<p>Cotisations &nbsp; Prix (CHF) Junior jusqu&rsquo;\u00e0 16 ans (ann\u00e9e civile) 80.- Etudiant \/ Apprenti (max 25 ans &#8211; ann\u00e9e civile) 180.- Adulte 280.- Couple 460.- Membre en cong\u00e9 \/ membre passif 30.- Finance d&rsquo;entr\u00e9e Gratuite Pour toute nouvelle inscription \u00e0 &hellip;<\/p>\n<p class=\"read-more\"> <a class=\"more-link\" href=\"https:\/\/www.tcvufflens.com\/?page_id=119\"> <span class=\"screen-reader-text\">Tarifs<\/span> Read More &raquo;<\/a><\/p>\n","protected":false},"author":1,"featured_media":0,"parent":64,"menu_order":0,"comment_status":"closed","ping_status":"closed","template":"full-width-page.php","meta":{"footnotes":""},"class_list":["post-119","page","type-page","status-publish","hentry"],"_links":{"self":[{"href":"https:\/\/www.tcvufflens.com\/index.php?rest_route=\/wp\/v2\/pages\/119","targetHints":{"allow":["GET"]}}],"collection":[{"href":"https:\/\/www.tcvufflens.com\/index.php?rest_route=\/wp\/v2\/pages"}],"about":[{"href":"https:\/\/www.tcvufflens.com\/index.php?rest_route=\/wp\/v2\/types\/page"}],"author":[{"embeddable":true,"href":"https:\/\/www.tcvufflens.com\/index.php?rest_route=\/wp\/v2\/users\/1"}],"replies":[{"embeddable":true,"href":"https:\/\/www.tcvufflens.com\/index.php?rest_route=%2Fwp%2Fv2%2Fcomments&post=119"}],"version-history":[{"count":53,"href":"https:\/\/www.tcvufflens.com\/index.php?rest_route=\/wp\/v2\/pages\/119\/revisions"}],"predecessor-version":[{"id":18926,"href":"https:\/\/www.tcvufflens.com\/index.php?rest_route=\/wp\/v2\/pages\/119\/revisions\/18926"}],"up":[{"embeddable":true,"href":"https:\/\/www.tcvufflens.com\/index.php?rest_route=\/wp\/v2\/pages\/64"}],"wp:attachment":[{"href":"https:\/\/www.tcvufflens.com\/index.php?rest_route=%2Fwp%2Fv2%2Fmedia&parent=119"}],"curies":[{"name":"wp","href":"https:\/\/api.w.org\/{rel}","templated":true}]}}