{"id":85,"date":"2013-02-27T21:37:14","date_gmt":"2013-02-27T21:37:14","guid":{"rendered":"http:\/\/localhost\/wordpress\/?page_id=85"},"modified":"2019-06-19T14:50:13","modified_gmt":"2019-06-19T12:50:13","slug":"situation","status":"publish","type":"page","link":"https:\/\/www.tcvufflens.com\/?page_id=85","title":{"rendered":"Situation"},"content":{"rendered":"<p>Pour arriver \u00e0 nos tous nouveaux courts, sortir de l&rsquo;autoroute \u00e0 Cossonay et suivre le panneau Bussigny\/Morges, puis Vufflens-la-Ville.<br \/>\nLes courts se trouvent en haut du village de Vufflens-la-Ville, \u00e0 c\u00f4t\u00e9 de la grande salle de gym.<\/p>\n<p><strong>Adresse :<\/strong><\/p>\n<p>Rue de Marteley 8<br \/>\n1302 Vufflens-la-Ville<\/p>\n<p>&nbsp;<\/p>\n<div id=\"inner-shortcode-dialog\">\n<div id=\"inner-shortcode-dialog\"><strong>&nbsp;<\/strong><\/div>\n<p>&nbsp;<\/p>\n<\/div>\n<p>&nbsp;<\/p>\n","protected":false},"excerpt":{"rendered":"<p>Pour arriver \u00e0 nos tous nouveaux courts, sortir de l&rsquo;autoroute \u00e0 Cossonay et suivre le panneau Bussigny\/Morges, puis Vufflens-la-Ville. Les courts se trouvent en haut du village de Vufflens-la-Ville, \u00e0 c\u00f4t\u00e9 de la grande salle de gym. Adresse : Rue &hellip;<\/p>\n<p class=\"read-more\"> <a class=\"more-link\" href=\"https:\/\/www.tcvufflens.com\/?page_id=85\"> <span class=\"screen-reader-text\">Situation<\/span> Read More &raquo;<\/a><\/p>\n","protected":false},"author":1,"featured_media":0,"parent":64,"menu_order":1,"comment_status":"closed","ping_status":"closed","template":"full-width-page.php","meta":{"footnotes":""},"class_list":["post-85","page","type-page","status-publish","hentry"],"yoast_head":"<!-- This site is optimized with the Yoast SEO plugin v25.7 - https:\/\/yoast.com\/wordpress\/plugins\/seo\/ -->\n<title>Situation - TC Vufflens<\/title>\n<meta name=\"description\" content=\"Pour arriver \u00e0 nos tous nouveaux courts, sortir de l&rsquo;autoroute \u00e0 Cossonay et suivre le panneau Bussigny\/Morges, puis Vufflens-la-Ville. Les courts se trouvent en haut du village de Vufflens-la-Ville, \u00e0 c\u00f4t\u00e9 de la grande salle de gym. Adresse : Rue &hellip;  Situation Read More &raquo;\" \/>\n<meta name=\"robots\" content=\"index, follow, max-snippet:-1, max-image-preview:large, max-video-preview:-1\" \/>\n<link rel=\"canonical\" href=\"http:\/\/www.tcvufflens.com\/?page_id=85\" \/>\n<meta property=\"og:locale\" content=\"fr_FR\" \/>\n<meta property=\"og:type\" content=\"article\" \/>\n<meta property=\"og:title\" content=\"Situation - TC Vufflens\" \/>\n<meta property=\"og:description\" content=\"Pour arriver \u00e0 nos tous nouveaux courts, sortir de l&rsquo;autoroute \u00e0 Cossonay et suivre le panneau Bussigny\/Morges, puis Vufflens-la-Ville. Les courts se trouvent en haut du village de Vufflens-la-Ville, \u00e0 c\u00f4t\u00e9 de la grande salle de gym. Adresse : Rue &hellip; Situation Read More &raquo;\" \/>\n<meta property=\"og:url\" content=\"http:\/\/www.tcvufflens.com\/?page_id=85\" \/>\n<meta property=\"og:site_name\" content=\"TC Vufflens\" \/>\n<meta property=\"article:modified_time\" content=\"2019-06-19T12:50:13+00:00\" \/>\n<meta name=\"twitter:card\" content=\"summary_large_image\" \/>\n<script type=\"application\/ld+json\" class=\"yoast-schema-graph\">{\"@context\":\"https:\/\/schema.org\",\"@graph\":[{\"@type\":\"WebPage\",\"@id\":\"http:\/\/www.tcvufflens.com\/?page_id=85\",\"url\":\"http:\/\/www.tcvufflens.com\/?page_id=85\",\"name\":\"Situation - TC Vufflens\",\"isPartOf\":{\"@id\":\"http:\/\/www.tcvufflens.com\/#website\"},\"datePublished\":\"2013-02-27T21:37:14+00:00\",\"dateModified\":\"2019-06-19T12:50:13+00:00\",\"breadcrumb\":{\"@id\":\"http:\/\/www.tcvufflens.com\/?page_id=85#breadcrumb\"},\"inLanguage\":\"fr-FR\",\"potentialAction\":[{\"@type\":\"ReadAction\",\"target\":[\"http:\/\/www.tcvufflens.com\/?page_id=85\"]}]},{\"@type\":\"BreadcrumbList\",\"@id\":\"http:\/\/www.tcvufflens.com\/?page_id=85#breadcrumb\",\"itemListElement\":[{\"@type\":\"ListItem\",\"position\":1,\"name\":\"Home\",\"item\":\"http:\/\/www.tcvufflens.com\/\"},{\"@type\":\"ListItem\",\"position\":2,\"name\":\"Club\",\"item\":\"http:\/\/www.tcvufflens.com\/\"},{\"@type\":\"ListItem\",\"position\":3,\"name\":\"Situation\"}]},{\"@type\":\"WebSite\",\"@id\":\"http:\/\/www.tcvufflens.com\/#website\",\"url\":\"http:\/\/www.tcvufflens.com\/\",\"name\":\"TC Vufflens\",\"description\":\"\",\"publisher\":{\"@id\":\"http:\/\/www.tcvufflens.com\/#organization\"},\"potentialAction\":[{\"@type\":\"SearchAction\",\"target\":{\"@type\":\"EntryPoint\",\"urlTemplate\":\"http:\/\/www.tcvufflens.com\/?s={search_term_string}\"},\"query-input\":{\"@type\":\"PropertyValueSpecification\",\"valueRequired\":true,\"valueName\":\"search_term_string\"}}],\"inLanguage\":\"fr-FR\"},{\"@type\":\"Organization\",\"@id\":\"http:\/\/www.tcvufflens.com\/#organization\",\"name\":\"TC Vufflens\",\"url\":\"http:\/\/www.tcvufflens.com\/\",\"logo\":{\"@type\":\"ImageObject\",\"inLanguage\":\"fr-FR\",\"@id\":\"http:\/\/www.tcvufflens.com\/#\/schema\/logo\/image\/\",\"url\":\"https:\/\/www.tcvufflens.com\/wp-content\/uploads\/2020\/02\/cropped-TC-Vufflens-la-Ville-Logo-original-RVB-pixelise-300dpi-Copie.jpg\",\"contentUrl\":\"https:\/\/www.tcvufflens.com\/wp-content\/uploads\/2020\/02\/cropped-TC-Vufflens-la-Ville-Logo-original-RVB-pixelise-300dpi-Copie.jpg\",\"width\":208,\"height\":100,\"caption\":\"TC Vufflens\"},\"image\":{\"@id\":\"http:\/\/www.tcvufflens.com\/#\/schema\/logo\/image\/\"}}]}<\/script>\n<!-- \/ Yoast SEO plugin. -->","yoast_head_json":{"title":"Situation - TC Vufflens","description":"Pour arriver \u00e0 nos tous nouveaux courts, sortir de l&rsquo;autoroute \u00e0 Cossonay et suivre le panneau Bussigny\/Morges, puis Vufflens-la-Ville. Les courts se trouvent en haut du village de Vufflens-la-Ville, \u00e0 c\u00f4t\u00e9 de la grande salle de gym. Adresse : Rue &hellip;  Situation Read More &raquo;","robots":{"index":"index","follow":"follow","max-snippet":"max-snippet:-1","max-image-preview":"max-image-preview:large","max-video-preview":"max-video-preview:-1"},"canonical":"http:\/\/www.tcvufflens.com\/?page_id=85","og_locale":"fr_FR","og_type":"article","og_title":"Situation - TC Vufflens","og_description":"Pour arriver \u00e0 nos tous nouveaux courts, sortir de l&rsquo;autoroute \u00e0 Cossonay et suivre le panneau Bussigny\/Morges, puis Vufflens-la-Ville. Les courts se trouvent en haut du village de Vufflens-la-Ville, \u00e0 c\u00f4t\u00e9 de la grande salle de gym. Adresse : Rue &hellip; Situation Read More &raquo;","og_url":"http:\/\/www.tcvufflens.com\/?page_id=85","og_site_name":"TC Vufflens","article_modified_time":"2019-06-19T12:50:13+00:00","twitter_card":"summary_large_image","schema":{"@context":"https:\/\/schema.org","@graph":[{"@type":"WebPage","@id":"http:\/\/www.tcvufflens.com\/?page_id=85","url":"http:\/\/www.tcvufflens.com\/?page_id=85","name":"Situation - TC Vufflens","isPartOf":{"@id":"http:\/\/www.tcvufflens.com\/#website"},"datePublished":"2013-02-27T21:37:14+00:00","dateModified":"2019-06-19T12:50:13+00:00","breadcrumb":{"@id":"http:\/\/www.tcvufflens.com\/?page_id=85#breadcrumb"},"inLanguage":"fr-FR","potentialAction":[{"@type":"ReadAction","target":["http:\/\/www.tcvufflens.com\/?page_id=85"]}]},{"@type":"BreadcrumbList","@id":"http:\/\/www.tcvufflens.com\/?page_id=85#breadcrumb","itemListElement":[{"@type":"ListItem","position":1,"name":"Home","item":"http:\/\/www.tcvufflens.com\/"},{"@type":"ListItem","position":2,"name":"Club","item":"http:\/\/www.tcvufflens.com\/"},{"@type":"ListItem","position":3,"name":"Situation"}]},{"@type":"WebSite","@id":"http:\/\/www.tcvufflens.com\/#website","url":"http:\/\/www.tcvufflens.com\/","name":"TC Vufflens","description":"","publisher":{"@id":"http:\/\/www.tcvufflens.com\/#organization"},"potentialAction":[{"@type":"SearchAction","target":{"@type":"EntryPoint","urlTemplate":"http:\/\/www.tcvufflens.com\/?s={search_term_string}"},"query-input":{"@type":"PropertyValueSpecification","valueRequired":true,"valueName":"search_term_string"}}],"inLanguage":"fr-FR"},{"@type":"Organization","@id":"http:\/\/www.tcvufflens.com\/#organization","name":"TC Vufflens","url":"http:\/\/www.tcvufflens.com\/","logo":{"@type":"ImageObject","inLanguage":"fr-FR","@id":"http:\/\/www.tcvufflens.com\/#\/schema\/logo\/image\/","url":"https:\/\/www.tcvufflens.com\/wp-content\/uploads\/2020\/02\/cropped-TC-Vufflens-la-Ville-Logo-original-RVB-pixelise-300dpi-Copie.jpg","contentUrl":"https:\/\/www.tcvufflens.com\/wp-content\/uploads\/2020\/02\/cropped-TC-Vufflens-la-Ville-Logo-original-RVB-pixelise-300dpi-Copie.jpg","width":208,"height":100,"caption":"TC Vufflens"},"image":{"@id":"http:\/\/www.tcvufflens.com\/#\/schema\/logo\/image\/"}}]}},"_links":{"self":[{"href":"https:\/\/www.tcvufflens.com\/index.php?rest_route=\/wp\/v2\/pages\/85","targetHints":{"allow":["GET"]}}],"collection":[{"href":"https:\/\/www.tcvufflens.com\/index.php?rest_route=\/wp\/v2\/pages"}],"about":[{"href":"https:\/\/www.tcvufflens.com\/index.php?rest_route=\/wp\/v2\/types\/page"}],"author":[{"embeddable":true,"href":"https:\/\/www.tcvufflens.com\/index.php?rest_route=\/wp\/v2\/users\/1"}],"replies":[{"embeddable":true,"href":"https:\/\/www.tcvufflens.com\/index.php?rest_route=%2Fwp%2Fv2%2Fcomments&post=85"}],"version-history":[{"count":18,"href":"https:\/\/www.tcvufflens.com\/index.php?rest_route=\/wp\/v2\/pages\/85\/revisions"}],"predecessor-version":[{"id":19192,"href":"https:\/\/www.tcvufflens.com\/index.php?rest_route=\/wp\/v2\/pages\/85\/revisions\/19192"}],"up":[{"embeddable":true,"href":"https:\/\/www.tcvufflens.com\/index.php?rest_route=\/wp\/v2\/pages\/64"}],"wp:attachment":[{"href":"https:\/\/www.tcvufflens.com\/index.php?rest_route=%2Fwp%2Fv2%2Fmedia&parent=85"}],"curies":[{"name":"wp","href":"https:\/\/api.w.org\/{rel}","templated":true}]}}